{"id":16933,"date":"2024-08-13T23:36:29","date_gmt":"2024-08-13T20:36:29","guid":{"rendered":"https:\/\/pood.dokfoto.ee\/product\/luca-berti-kasari-river-kelu-laanemaa-estonia-2017\/"},"modified":"2025-07-18T15:00:49","modified_gmt":"2025-07-18T12:00:49","slug":"luca-berti-kasari-river-kelu-laanemaa-estonia-2017","status":"publish","type":"product","link":"https:\/\/pood.dokfoto.ee\/en\/product\/luca-berti-kasari-river-kelu-laanemaa-estonia-2017\/","title":{"rendered":"LUCA BERTI. Kasari river. Kelu, L\u00e4\u00e4nemaa, Estonia, 2017"},"content":{"rendered":"<p class=\"whitespace-normal break-words\">Photo title in full: Kasari River. Kelu, L\u00e4\u00e4nemaa, 2017<\/p>\n<p class=\"whitespace-pre-wrap break-words\">Photo with frame 455\u20ac, without frame 350\u20ac.<\/p>\n<p class=\"whitespace-pre-wrap break-words\">The work is horizontal, but framed in portrait format.<\/p>\n<p class=\"whitespace-pre-wrap break-words\">White wooden frames.<\/p>\n<p class=\"whitespace-normal break-words\">NB! Each new edition is unique, as this involves sensitive analog technique *cyanotype.<\/p>\n<p class=\"whitespace-normal break-words\">*Cyanotype, also known as iron-blue print, is a photographic process where the image is developed on paper through the interaction of iron-containing chemicals and ultraviolet light. The result is an image with white lines on a blue background.<\/p>\n<p class=\"whitespace-normal break-words\"><strong>The uniqueness of iron-blue print<\/strong><\/p>\n<p class=\"whitespace-normal break-words\">This photo development technique, dependent on multiple factors, makes both the process and the result special \u2013 it&#8217;s possible to strive for a certain perfection, which requires skill and mastery, but at the same time one shouldn&#8217;t be discouraged by imperfections and defects, which can add nuances, layers and uniqueness to the images.<\/p>\n<p class=\"whitespace-normal break-words\">The works presented in the exhibition &#8220;Nordic Blue&#8221; were created in a laboratory using UV lamps. Due to the sensitivity of the process, each hand-developed photo is unrepeatable.<\/p>\n","protected":false},"excerpt":{"rendered":"<p>Photo title in full: Kasari River. Kelu, L\u00e4\u00e4nemaa, 2017 Photo with frame 455\u20ac, without frame 350\u20ac. The work is horizontal,<\/p>\n","protected":false},"featured_media":15865,"template":"","meta":{"_acf_changed":false,"inline_featured_image":false},"product_brand":[],"product_cat":[375],"product_tag":[693,701,663],"class_list":{"0":"post-16933","1":"product","2":"type-product","3":"status-publish","4":"has-post-thumbnail","6":"product_cat-photos","7":"product_tag-blue","8":"product_tag-cynotype","9":"product_tag-nature-photography","11":"first","12":"instock","13":"shipping-taxable","14":"purchasable","15":"product-type-simple"},"acf":[],"yoast_head":"<!-- This site is optimized with the Yoast SEO plugin v26.6 - https:\/\/yoast.com\/wordpress\/plugins\/seo\/ -->\n<title>LUCA BERTI. Kasari river. Kelu, L\u00e4\u00e4nemaa, Estonia, 2017 - Dokfoto<\/title>\n<meta name=\"robots\" content=\"index, follow, max-snippet:-1, max-image-preview:large, max-video-preview:-1\" \/>\n<link rel=\"canonical\" href=\"https:\/\/pood.dokfoto.ee\/en\/product\/luca-berti-kasari-river-kelu-laanemaa-estonia-2017\/\" \/>\n<meta property=\"og:locale\" content=\"en_US\" \/>\n<meta property=\"og:type\" content=\"article\" \/>\n<meta property=\"og:title\" content=\"LUCA BERTI. Kasari river. Kelu, L\u00e4\u00e4nemaa, Estonia, 2017 - Dokfoto\" \/>\n<meta property=\"og:description\" content=\"Photo title in full: Kasari River. Kelu, L\u00e4\u00e4nemaa, 2017 Photo with frame 455\u20ac, without frame 350\u20ac. The work is horizontal,\" \/>\n<meta property=\"og:url\" content=\"https:\/\/pood.dokfoto.ee\/en\/product\/luca-berti-kasari-river-kelu-laanemaa-estonia-2017\/\" \/>\n<meta property=\"og:site_name\" content=\"Dokfoto\" \/>\n<meta property=\"article:modified_time\" content=\"2025-07-18T12:00:49+00:00\" \/>\n<meta property=\"og:image\" content=\"https:\/\/pood.dokfoto.ee\/assets\/2024\/08\/lucaberti-eesti-kasari-dokfotokeskus-m.jpg\" \/>\n\t<meta property=\"og:image:width\" content=\"1417\" \/>\n\t<meta property=\"og:image:height\" content=\"1169\" \/>\n\t<meta property=\"og:image:type\" content=\"image\/jpeg\" \/>\n<meta name=\"twitter:card\" content=\"summary_large_image\" \/>\n<meta name=\"twitter:label1\" content=\"Est. reading time\" \/>\n\t<meta name=\"twitter:data1\" content=\"1 minute\" \/>\n<script type=\"application\/ld+json\" class=\"yoast-schema-graph\">{\"@context\":\"https:\/\/schema.org\",\"@graph\":[{\"@type\":\"WebPage\",\"@id\":\"https:\/\/pood.dokfoto.ee\/en\/product\/luca-berti-kasari-river-kelu-laanemaa-estonia-2017\/\",\"url\":\"https:\/\/pood.dokfoto.ee\/en\/product\/luca-berti-kasari-river-kelu-laanemaa-estonia-2017\/\",\"name\":\"LUCA BERTI. Kasari river. Kelu, L\u00e4\u00e4nemaa, Estonia, 2017 - Dokfoto\",\"isPartOf\":{\"@id\":\"https:\/\/pood.dokfoto.ee\/en\/#website\"},\"primaryImageOfPage\":{\"@id\":\"https:\/\/pood.dokfoto.ee\/en\/product\/luca-berti-kasari-river-kelu-laanemaa-estonia-2017\/#primaryimage\"},\"image\":{\"@id\":\"https:\/\/pood.dokfoto.ee\/en\/product\/luca-berti-kasari-river-kelu-laanemaa-estonia-2017\/#primaryimage\"},\"thumbnailUrl\":\"https:\/\/pood.dokfoto.ee\/assets\/2024\/08\/lucaberti-eesti-kasari-dokfotokeskus-m.jpg\",\"datePublished\":\"2024-08-13T20:36:29+00:00\",\"dateModified\":\"2025-07-18T12:00:49+00:00\",\"breadcrumb\":{\"@id\":\"https:\/\/pood.dokfoto.ee\/en\/product\/luca-berti-kasari-river-kelu-laanemaa-estonia-2017\/#breadcrumb\"},\"inLanguage\":\"en-US\",\"potentialAction\":[{\"@type\":\"ReadAction\",\"target\":[\"https:\/\/pood.dokfoto.ee\/en\/product\/luca-berti-kasari-river-kelu-laanemaa-estonia-2017\/\"]}]},{\"@type\":\"ImageObject\",\"inLanguage\":\"en-US\",\"@id\":\"https:\/\/pood.dokfoto.ee\/en\/product\/luca-berti-kasari-river-kelu-laanemaa-estonia-2017\/#primaryimage\",\"url\":\"https:\/\/pood.dokfoto.ee\/assets\/2024\/08\/lucaberti-eesti-kasari-dokfotokeskus-m.jpg\",\"contentUrl\":\"https:\/\/pood.dokfoto.ee\/assets\/2024\/08\/lucaberti-eesti-kasari-dokfotokeskus-m.jpg\",\"width\":1417,\"height\":1169,\"caption\":\"LUCA BERTI. Kasari river. Kelu, L\u00e4\u00e4nemaa, Estonia, 2017\"},{\"@type\":\"BreadcrumbList\",\"@id\":\"https:\/\/pood.dokfoto.ee\/en\/product\/luca-berti-kasari-river-kelu-laanemaa-estonia-2017\/#breadcrumb\",\"itemListElement\":[{\"@type\":\"ListItem\",\"position\":1,\"name\":\"Home\",\"item\":\"https:\/\/pood.dokfoto.ee\/en\/\"},{\"@type\":\"ListItem\",\"position\":2,\"name\":\"Shop\",\"item\":\"https:\/\/pood.dokfoto.ee\/en\/\"},{\"@type\":\"ListItem\",\"position\":3,\"name\":\"LUCA BERTI. Kasari river. Kelu, L\u00e4\u00e4nemaa, Estonia, 2017\"}]},{\"@type\":\"WebSite\",\"@id\":\"https:\/\/pood.dokfoto.ee\/en\/#website\",\"url\":\"https:\/\/pood.dokfoto.ee\/en\/\",\"name\":\"Dokfoto\",\"description\":\"Juhan Kuus Documentary Photo Centre\",\"potentialAction\":[{\"@type\":\"SearchAction\",\"target\":{\"@type\":\"EntryPoint\",\"urlTemplate\":\"https:\/\/pood.dokfoto.ee\/en\/?s={search_term_string}\"},\"query-input\":{\"@type\":\"PropertyValueSpecification\",\"valueRequired\":true,\"valueName\":\"search_term_string\"}}],\"inLanguage\":\"en-US\"}]}<\/script>\n<!-- \/ Yoast SEO plugin. -->","yoast_head_json":{"title":"LUCA BERTI. Kasari river. Kelu, L\u00e4\u00e4nemaa, Estonia, 2017 - Dokfoto","robots":{"index":"index","follow":"follow","max-snippet":"max-snippet:-1","max-image-preview":"max-image-preview:large","max-video-preview":"max-video-preview:-1"},"canonical":"https:\/\/pood.dokfoto.ee\/en\/product\/luca-berti-kasari-river-kelu-laanemaa-estonia-2017\/","og_locale":"en_US","og_type":"article","og_title":"LUCA BERTI. Kasari river. Kelu, L\u00e4\u00e4nemaa, Estonia, 2017 - Dokfoto","og_description":"Photo title in full: Kasari River. Kelu, L\u00e4\u00e4nemaa, 2017 Photo with frame 455\u20ac, without frame 350\u20ac. The work is horizontal,","og_url":"https:\/\/pood.dokfoto.ee\/en\/product\/luca-berti-kasari-river-kelu-laanemaa-estonia-2017\/","og_site_name":"Dokfoto","article_modified_time":"2025-07-18T12:00:49+00:00","og_image":[{"width":1417,"height":1169,"url":"https:\/\/pood.dokfoto.ee\/assets\/2024\/08\/lucaberti-eesti-kasari-dokfotokeskus-m.jpg","type":"image\/jpeg"}],"twitter_card":"summary_large_image","twitter_misc":{"Est. reading time":"1 minute"},"schema":{"@context":"https:\/\/schema.org","@graph":[{"@type":"WebPage","@id":"https:\/\/pood.dokfoto.ee\/en\/product\/luca-berti-kasari-river-kelu-laanemaa-estonia-2017\/","url":"https:\/\/pood.dokfoto.ee\/en\/product\/luca-berti-kasari-river-kelu-laanemaa-estonia-2017\/","name":"LUCA BERTI. Kasari river. Kelu, L\u00e4\u00e4nemaa, Estonia, 2017 - Dokfoto","isPartOf":{"@id":"https:\/\/pood.dokfoto.ee\/en\/#website"},"primaryImageOfPage":{"@id":"https:\/\/pood.dokfoto.ee\/en\/product\/luca-berti-kasari-river-kelu-laanemaa-estonia-2017\/#primaryimage"},"image":{"@id":"https:\/\/pood.dokfoto.ee\/en\/product\/luca-berti-kasari-river-kelu-laanemaa-estonia-2017\/#primaryimage"},"thumbnailUrl":"https:\/\/pood.dokfoto.ee\/assets\/2024\/08\/lucaberti-eesti-kasari-dokfotokeskus-m.jpg","datePublished":"2024-08-13T20:36:29+00:00","dateModified":"2025-07-18T12:00:49+00:00","breadcrumb":{"@id":"https:\/\/pood.dokfoto.ee\/en\/product\/luca-berti-kasari-river-kelu-laanemaa-estonia-2017\/#breadcrumb"},"inLanguage":"en-US","potentialAction":[{"@type":"ReadAction","target":["https:\/\/pood.dokfoto.ee\/en\/product\/luca-berti-kasari-river-kelu-laanemaa-estonia-2017\/"]}]},{"@type":"ImageObject","inLanguage":"en-US","@id":"https:\/\/pood.dokfoto.ee\/en\/product\/luca-berti-kasari-river-kelu-laanemaa-estonia-2017\/#primaryimage","url":"https:\/\/pood.dokfoto.ee\/assets\/2024\/08\/lucaberti-eesti-kasari-dokfotokeskus-m.jpg","contentUrl":"https:\/\/pood.dokfoto.ee\/assets\/2024\/08\/lucaberti-eesti-kasari-dokfotokeskus-m.jpg","width":1417,"height":1169,"caption":"LUCA BERTI. Kasari river. Kelu, L\u00e4\u00e4nemaa, Estonia, 2017"},{"@type":"BreadcrumbList","@id":"https:\/\/pood.dokfoto.ee\/en\/product\/luca-berti-kasari-river-kelu-laanemaa-estonia-2017\/#breadcrumb","itemListElement":[{"@type":"ListItem","position":1,"name":"Home","item":"https:\/\/pood.dokfoto.ee\/en\/"},{"@type":"ListItem","position":2,"name":"Shop","item":"https:\/\/pood.dokfoto.ee\/en\/"},{"@type":"ListItem","position":3,"name":"LUCA BERTI. Kasari river. Kelu, L\u00e4\u00e4nemaa, Estonia, 2017"}]},{"@type":"WebSite","@id":"https:\/\/pood.dokfoto.ee\/en\/#website","url":"https:\/\/pood.dokfoto.ee\/en\/","name":"Dokfoto","description":"Juhan Kuus Documentary Photo Centre","potentialAction":[{"@type":"SearchAction","target":{"@type":"EntryPoint","urlTemplate":"https:\/\/pood.dokfoto.ee\/en\/?s={search_term_string}"},"query-input":{"@type":"PropertyValueSpecification","valueRequired":true,"valueName":"search_term_string"}}],"inLanguage":"en-US"}]}},"_links":{"self":[{"href":"https:\/\/pood.dokfoto.ee\/en\/wp-json\/wp\/v2\/product\/16933","targetHints":{"allow":["GET"]}}],"collection":[{"href":"https:\/\/pood.dokfoto.ee\/en\/wp-json\/wp\/v2\/product"}],"about":[{"href":"https:\/\/pood.dokfoto.ee\/en\/wp-json\/wp\/v2\/types\/product"}],"wp:featuredmedia":[{"embeddable":true,"href":"https:\/\/pood.dokfoto.ee\/en\/wp-json\/wp\/v2\/media\/15865"}],"wp:attachment":[{"href":"https:\/\/pood.dokfoto.ee\/en\/wp-json\/wp\/v2\/media?parent=16933"}],"wp:term":[{"taxonomy":"product_brand","embeddable":true,"href":"https:\/\/pood.dokfoto.ee\/en\/wp-json\/wp\/v2\/product_brand?post=16933"},{"taxonomy":"product_cat","embeddable":true,"href":"https:\/\/pood.dokfoto.ee\/en\/wp-json\/wp\/v2\/product_cat?post=16933"},{"taxonomy":"product_tag","embeddable":true,"href":"https:\/\/pood.dokfoto.ee\/en\/wp-json\/wp\/v2\/product_tag?post=16933"}],"curies":[{"name":"wp","href":"https:\/\/api.w.org\/{rel}","templated":true}]}}