{"id":13968,"date":"2024-07-05T18:48:38","date_gmt":"2024-07-05T15:48:38","guid":{"rendered":"https:\/\/pood.dokfoto.ee\/product\/book-outlook-40-years-of-street-photography-in-estonia\/"},"modified":"2024-07-07T14:50:52","modified_gmt":"2024-07-07T11:50:52","slug":"book-outlook-40-years-of-street-photography-in-estonia","status":"publish","type":"product","link":"https:\/\/pood.dokfoto.ee\/en\/product\/book-outlook-40-years-of-street-photography-in-estonia\/","title":{"rendered":"Book: Outlook \u2013 40 Years of Street Photography in Estonia"},"content":{"rendered":"","protected":false},"excerpt":{"rendered":"<p>The Estonian Street Photography Exhibition, which opened in August 2020, has been completed into a book in Estonian and English. Between the covers, a section of 40 years of Estonian street photography is stored.<\/p>\n<p>Compiled by curators Kristel Laur and Toomas J\u00e4rvet and designed by Aadam Kaarma.<\/p>\n<p>The book contains works from the forty years of Estonian street photography, which tentatively began in 1980\u2014the deep Soviet era. In addition, the book includes works influenced by Estonia&#8217;s re-independence in the early 1990s and the Western culture of the 1990s. The street scenes of the new millennium opened up a time perspective that is more familiar to us but brought significant changes in its time. The time trajectory of the works gathered in the book ends in 2020.<\/p>\n<p>According to Toomas J\u00e4rvet, one of the book&#8217;s compilers, this is a pivotal moment in Estonian photography. The book, beyond being a platform for the authors&#8217; artistic self-expression, serves a vital role in preserving the street scene, a significant part of our culture, for future generations.<\/p>\n<p>The book contains a total of 90 works by the following authors: Aare Leinpere, Aiki J\u00e4rviste, Ain Protsin, Andres Teiss, Andrii Mur, Ardi Kivimets, Arno Saar, Aron Urb, Eino P\u00e4rnamets, Erko Ever, Eve Toomla, Harald Leppikson, Heiki Sirkel, Heikki Leis, Indrek Pleesi, Iris Kivisalu, Josif Bra\u0161inski, J\u00fcri Talts, Kalju Suur, Kalmer Allik, Maik\u00e9 Tubin, Mark Raidpere, Martin Murusalu, Mati Hiis, Matt Anso, Mihkel Ulman, Olev K\u00f5ll, Oskar Vihandi, Peeter Langovits, Priit Loog, Rait Tuulas, Reelika Vilt, Sanna Larmola, Sven Ustintsev, Targo Miilimaa, Tiina K\u00f5rtsini, Tobias Tikenberg, T\u00f5nu Noorits, V\u00e4ino Meresmaa and \u00dclo Josing.<\/p>\n","protected":false},"featured_media":13473,"template":"","meta":{"_acf_changed":false,"inline_featured_image":false},"product_brand":[],"product_cat":[366,478],"product_tag":[368,367,369,370],"class_list":{"0":"post-13968","1":"product","2":"type-product","3":"status-publish","4":"has-post-thumbnail","6":"product_cat-books","7":"product_cat-gifts","8":"product_tag-book-en","9":"product_tag-raamat-en","10":"product_tag-street-photography-en-2","11":"product_tag-street-photography-en","13":"first","14":"instock","15":"shipping-taxable","16":"purchasable","17":"product-type-simple"},"acf":[],"yoast_head":"<!-- This site is optimized with the Yoast SEO plugin v26.6 - https:\/\/yoast.com\/wordpress\/plugins\/seo\/ -->\n<title>Book: Outlook \u2013 40 Years of Street Photography in Estonia - Dokfoto<\/title>\n<meta name=\"robots\" content=\"index, follow, max-snippet:-1, max-image-preview:large, max-video-preview:-1\" \/>\n<link rel=\"canonical\" href=\"https:\/\/pood.dokfoto.ee\/en\/product\/book-outlook-40-years-of-street-photography-in-estonia\/\" \/>\n<meta property=\"og:locale\" content=\"en_US\" \/>\n<meta property=\"og:type\" content=\"article\" \/>\n<meta property=\"og:title\" content=\"Book: Outlook \u2013 40 Years of Street Photography in Estonia - Dokfoto\" \/>\n<meta property=\"og:description\" content=\"The Estonian Street Photography Exhibition, which opened in August 2020, has been completed into a book in Estonian and English. Between the covers, a section of 40 years of Estonian street photography is stored.  Compiled by curators Kristel Laur and Toomas J\u00e4rvet and designed by Aadam Kaarma.  The book contains works from the forty years of Estonian street photography, which tentatively began in 1980\u2014the deep Soviet era. In addition, the book includes works influenced by Estonia&#039;s re-independence in the early 1990s and the Western culture of the 1990s. The street scenes of the new millennium opened up a time perspective that is more familiar to us but brought significant changes in its time. The time trajectory of the works gathered in the book ends in 2020.  According to Toomas J\u00e4rvet, one of the book&#039;s compilers, this is a pivotal moment in Estonian photography. The book, beyond being a platform for the authors&#039; artistic self-expression, serves a vital role in preserving the street scene, a significant part of our culture, for future generations.  The book contains a total of 90 works by the following authors: Aare Leinpere, Aiki J\u00e4rviste, Ain Protsin, Andres Teiss, Andrii Mur, Ardi Kivimets, Arno Saar, Aron Urb, Eino P\u00e4rnamets, Erko Ever, Eve Toomla, Harald Leppikson, Heiki Sirkel, Heikki Leis, Indrek Pleesi, Iris Kivisalu, Josif Bra\u0161inski, J\u00fcri Talts, Kalju Suur, Kalmer Allik, Maik\u00e9 Tubin, Mark Raidpere, Martin Murusalu, Mati Hiis, Matt Anso, Mihkel Ulman, Olev K\u00f5ll, Oskar Vihandi, Peeter Langovits, Priit Loog, Rait Tuulas, Reelika Vilt, Sanna Larmola, Sven Ustintsev, Targo Miilimaa, Tiina K\u00f5rtsini, Tobias Tikenberg, T\u00f5nu Noorits, V\u00e4ino Meresmaa and \u00dclo Josing.\" \/>\n<meta property=\"og:url\" content=\"https:\/\/pood.dokfoto.ee\/en\/product\/book-outlook-40-years-of-street-photography-in-estonia\/\" \/>\n<meta property=\"og:site_name\" content=\"Dokfoto\" \/>\n<meta property=\"article:modified_time\" content=\"2024-07-07T11:50:52+00:00\" \/>\n<meta property=\"og:image\" content=\"https:\/\/pood.dokfoto.ee\/assets\/2020\/10\/010-raamatB07A1646.jpg\" \/>\n\t<meta property=\"og:image:width\" content=\"2048\" \/>\n\t<meta property=\"og:image:height\" content=\"2048\" \/>\n\t<meta property=\"og:image:type\" content=\"image\/jpeg\" \/>\n<meta name=\"twitter:card\" content=\"summary_large_image\" \/>\n<script type=\"application\/ld+json\" class=\"yoast-schema-graph\">{\"@context\":\"https:\/\/schema.org\",\"@graph\":[{\"@type\":\"WebPage\",\"@id\":\"https:\/\/pood.dokfoto.ee\/en\/product\/book-outlook-40-years-of-street-photography-in-estonia\/\",\"url\":\"https:\/\/pood.dokfoto.ee\/en\/product\/book-outlook-40-years-of-street-photography-in-estonia\/\",\"name\":\"Book: Outlook \u2013 40 Years of Street Photography in Estonia - Dokfoto\",\"isPartOf\":{\"@id\":\"https:\/\/pood.dokfoto.ee\/en\/#website\"},\"primaryImageOfPage\":{\"@id\":\"https:\/\/pood.dokfoto.ee\/en\/product\/book-outlook-40-years-of-street-photography-in-estonia\/#primaryimage\"},\"image\":{\"@id\":\"https:\/\/pood.dokfoto.ee\/en\/product\/book-outlook-40-years-of-street-photography-in-estonia\/#primaryimage\"},\"thumbnailUrl\":\"https:\/\/pood.dokfoto.ee\/assets\/2020\/10\/010-raamatB07A1646.jpg\",\"datePublished\":\"2024-07-05T15:48:38+00:00\",\"dateModified\":\"2024-07-07T11:50:52+00:00\",\"breadcrumb\":{\"@id\":\"https:\/\/pood.dokfoto.ee\/en\/product\/book-outlook-40-years-of-street-photography-in-estonia\/#breadcrumb\"},\"inLanguage\":\"en-US\",\"potentialAction\":[{\"@type\":\"ReadAction\",\"target\":[\"https:\/\/pood.dokfoto.ee\/en\/product\/book-outlook-40-years-of-street-photography-in-estonia\/\"]}]},{\"@type\":\"ImageObject\",\"inLanguage\":\"en-US\",\"@id\":\"https:\/\/pood.dokfoto.ee\/en\/product\/book-outlook-40-years-of-street-photography-in-estonia\/#primaryimage\",\"url\":\"https:\/\/pood.dokfoto.ee\/assets\/2020\/10\/010-raamatB07A1646.jpg\",\"contentUrl\":\"https:\/\/pood.dokfoto.ee\/assets\/2020\/10\/010-raamatB07A1646.jpg\",\"width\":2048,\"height\":2048},{\"@type\":\"BreadcrumbList\",\"@id\":\"https:\/\/pood.dokfoto.ee\/en\/product\/book-outlook-40-years-of-street-photography-in-estonia\/#breadcrumb\",\"itemListElement\":[{\"@type\":\"ListItem\",\"position\":1,\"name\":\"Home\",\"item\":\"https:\/\/pood.dokfoto.ee\/en\/\"},{\"@type\":\"ListItem\",\"position\":2,\"name\":\"Shop\",\"item\":\"https:\/\/pood.dokfoto.ee\/en\/\"},{\"@type\":\"ListItem\",\"position\":3,\"name\":\"Book: Outlook \u2013 40 Years of Street Photography in Estonia\"}]},{\"@type\":\"WebSite\",\"@id\":\"https:\/\/pood.dokfoto.ee\/en\/#website\",\"url\":\"https:\/\/pood.dokfoto.ee\/en\/\",\"name\":\"Dokfoto\",\"description\":\"Juhan Kuus Documentary Photo Centre\",\"potentialAction\":[{\"@type\":\"SearchAction\",\"target\":{\"@type\":\"EntryPoint\",\"urlTemplate\":\"https:\/\/pood.dokfoto.ee\/en\/?s={search_term_string}\"},\"query-input\":{\"@type\":\"PropertyValueSpecification\",\"valueRequired\":true,\"valueName\":\"search_term_string\"}}],\"inLanguage\":\"en-US\"}]}<\/script>\n<!-- \/ Yoast SEO plugin. -->","yoast_head_json":{"title":"Book: Outlook \u2013 40 Years of Street Photography in Estonia - Dokfoto","robots":{"index":"index","follow":"follow","max-snippet":"max-snippet:-1","max-image-preview":"max-image-preview:large","max-video-preview":"max-video-preview:-1"},"canonical":"https:\/\/pood.dokfoto.ee\/en\/product\/book-outlook-40-years-of-street-photography-in-estonia\/","og_locale":"en_US","og_type":"article","og_title":"Book: Outlook \u2013 40 Years of Street Photography in Estonia - Dokfoto","og_description":"The Estonian Street Photography Exhibition, which opened in August 2020, has been completed into a book in Estonian and English. Between the covers, a section of 40 years of Estonian street photography is stored.  Compiled by curators Kristel Laur and Toomas J\u00e4rvet and designed by Aadam Kaarma.  The book contains works from the forty years of Estonian street photography, which tentatively began in 1980\u2014the deep Soviet era. In addition, the book includes works influenced by Estonia's re-independence in the early 1990s and the Western culture of the 1990s. The street scenes of the new millennium opened up a time perspective that is more familiar to us but brought significant changes in its time. The time trajectory of the works gathered in the book ends in 2020.  According to Toomas J\u00e4rvet, one of the book's compilers, this is a pivotal moment in Estonian photography. The book, beyond being a platform for the authors' artistic self-expression, serves a vital role in preserving the street scene, a significant part of our culture, for future generations.  The book contains a total of 90 works by the following authors: Aare Leinpere, Aiki J\u00e4rviste, Ain Protsin, Andres Teiss, Andrii Mur, Ardi Kivimets, Arno Saar, Aron Urb, Eino P\u00e4rnamets, Erko Ever, Eve Toomla, Harald Leppikson, Heiki Sirkel, Heikki Leis, Indrek Pleesi, Iris Kivisalu, Josif Bra\u0161inski, J\u00fcri Talts, Kalju Suur, Kalmer Allik, Maik\u00e9 Tubin, Mark Raidpere, Martin Murusalu, Mati Hiis, Matt Anso, Mihkel Ulman, Olev K\u00f5ll, Oskar Vihandi, Peeter Langovits, Priit Loog, Rait Tuulas, Reelika Vilt, Sanna Larmola, Sven Ustintsev, Targo Miilimaa, Tiina K\u00f5rtsini, Tobias Tikenberg, T\u00f5nu Noorits, V\u00e4ino Meresmaa and \u00dclo Josing.","og_url":"https:\/\/pood.dokfoto.ee\/en\/product\/book-outlook-40-years-of-street-photography-in-estonia\/","og_site_name":"Dokfoto","article_modified_time":"2024-07-07T11:50:52+00:00","og_image":[{"width":2048,"height":2048,"url":"https:\/\/pood.dokfoto.ee\/assets\/2020\/10\/010-raamatB07A1646.jpg","type":"image\/jpeg"}],"twitter_card":"summary_large_image","schema":{"@context":"https:\/\/schema.org","@graph":[{"@type":"WebPage","@id":"https:\/\/pood.dokfoto.ee\/en\/product\/book-outlook-40-years-of-street-photography-in-estonia\/","url":"https:\/\/pood.dokfoto.ee\/en\/product\/book-outlook-40-years-of-street-photography-in-estonia\/","name":"Book: Outlook \u2013 40 Years of Street Photography in Estonia - Dokfoto","isPartOf":{"@id":"https:\/\/pood.dokfoto.ee\/en\/#website"},"primaryImageOfPage":{"@id":"https:\/\/pood.dokfoto.ee\/en\/product\/book-outlook-40-years-of-street-photography-in-estonia\/#primaryimage"},"image":{"@id":"https:\/\/pood.dokfoto.ee\/en\/product\/book-outlook-40-years-of-street-photography-in-estonia\/#primaryimage"},"thumbnailUrl":"https:\/\/pood.dokfoto.ee\/assets\/2020\/10\/010-raamatB07A1646.jpg","datePublished":"2024-07-05T15:48:38+00:00","dateModified":"2024-07-07T11:50:52+00:00","breadcrumb":{"@id":"https:\/\/pood.dokfoto.ee\/en\/product\/book-outlook-40-years-of-street-photography-in-estonia\/#breadcrumb"},"inLanguage":"en-US","potentialAction":[{"@type":"ReadAction","target":["https:\/\/pood.dokfoto.ee\/en\/product\/book-outlook-40-years-of-street-photography-in-estonia\/"]}]},{"@type":"ImageObject","inLanguage":"en-US","@id":"https:\/\/pood.dokfoto.ee\/en\/product\/book-outlook-40-years-of-street-photography-in-estonia\/#primaryimage","url":"https:\/\/pood.dokfoto.ee\/assets\/2020\/10\/010-raamatB07A1646.jpg","contentUrl":"https:\/\/pood.dokfoto.ee\/assets\/2020\/10\/010-raamatB07A1646.jpg","width":2048,"height":2048},{"@type":"BreadcrumbList","@id":"https:\/\/pood.dokfoto.ee\/en\/product\/book-outlook-40-years-of-street-photography-in-estonia\/#breadcrumb","itemListElement":[{"@type":"ListItem","position":1,"name":"Home","item":"https:\/\/pood.dokfoto.ee\/en\/"},{"@type":"ListItem","position":2,"name":"Shop","item":"https:\/\/pood.dokfoto.ee\/en\/"},{"@type":"ListItem","position":3,"name":"Book: Outlook \u2013 40 Years of Street Photography in Estonia"}]},{"@type":"WebSite","@id":"https:\/\/pood.dokfoto.ee\/en\/#website","url":"https:\/\/pood.dokfoto.ee\/en\/","name":"Dokfoto","description":"Juhan Kuus Documentary Photo Centre","potentialAction":[{"@type":"SearchAction","target":{"@type":"EntryPoint","urlTemplate":"https:\/\/pood.dokfoto.ee\/en\/?s={search_term_string}"},"query-input":{"@type":"PropertyValueSpecification","valueRequired":true,"valueName":"search_term_string"}}],"inLanguage":"en-US"}]}},"_links":{"self":[{"href":"https:\/\/pood.dokfoto.ee\/en\/wp-json\/wp\/v2\/product\/13968","targetHints":{"allow":["GET"]}}],"collection":[{"href":"https:\/\/pood.dokfoto.ee\/en\/wp-json\/wp\/v2\/product"}],"about":[{"href":"https:\/\/pood.dokfoto.ee\/en\/wp-json\/wp\/v2\/types\/product"}],"wp:featuredmedia":[{"embeddable":true,"href":"https:\/\/pood.dokfoto.ee\/en\/wp-json\/wp\/v2\/media\/13473"}],"wp:attachment":[{"href":"https:\/\/pood.dokfoto.ee\/en\/wp-json\/wp\/v2\/media?parent=13968"}],"wp:term":[{"taxonomy":"product_brand","embeddable":true,"href":"https:\/\/pood.dokfoto.ee\/en\/wp-json\/wp\/v2\/product_brand?post=13968"},{"taxonomy":"product_cat","embeddable":true,"href":"https:\/\/pood.dokfoto.ee\/en\/wp-json\/wp\/v2\/product_cat?post=13968"},{"taxonomy":"product_tag","embeddable":true,"href":"https:\/\/pood.dokfoto.ee\/en\/wp-json\/wp\/v2\/product_tag?post=13968"}],"curies":[{"name":"wp","href":"https:\/\/api.w.org\/{rel}","templated":true}]}}